{"id":567,"date":"2020-10-06T16:56:38","date_gmt":"2020-10-06T14:56:38","guid":{"rendered":"https:\/\/bruecke-starnberg.de\/?page_id=567"},"modified":"2022-01-11T11:26:21","modified_gmt":"2022-01-11T10:26:21","slug":"segelprojekt","status":"publish","type":"page","link":"https:\/\/bruecke-starnberg.de\/?page_id=567","title":{"rendered":"Segelprojekt"},"content":{"rendered":"\n<p>In Zusammenarbeit mit dem Landratsamt Starnberg und dem Kreisjugendring steht gemeinn\u00fctzigen Vereinen und kommunalen Einrichtungen im Landkreis Starnberg das Segelboot \u201eShanty\u201c zur Verf\u00fcgung. Wir als gemeinn\u00fctziger Verein nutzen die \u201eShanty\u201c meist im Rahmen unserer Betreuungsweisungen.<\/p>\n\n\n\n<p><strong><u>Wie kommt es zum Segeln?<\/u><\/strong><\/p>\n\n\n\n<p>Das Interesse und die Vorerfahrung mit dem Element Wasser werden im Vorhinein mit dem jeweiligen Jugendlichen besprochen, sowie Verhaltensweisen und Regeln, die es bei einem Segelt\u00f6rn zu beachten gibt, festgelegt. Die Jugendlichen stimmen freiwillig einem Tag auf dem See zu.<\/p>\n\n\n\n<p><strong><u>Welche Chancen bietet das Segeln?<\/u><\/strong><\/p>\n\n\n\n<p>Das direkte Erleben des Zusammenspiels von Wind und Wasser ist f\u00fcr die meisten jungen Menschen eine neue Erfahrung. Die beruhigende Wirkung des Wassers l\u00e4dt die Klienten dazu ein \u00fcber die eigenen Themen nachzudenken und so innere Prozesse anzusto\u00dfen. Die verschiedenen Man\u00f6ver erfordern schnelles und gemeinsames Handeln, die Jugendlichen k\u00f6nnen sich ausprobieren und neue Erfahrungen sammeln.<\/p>\n\n\n\n<p>Die Ma\u00dfnahme dient dem Vertrauensaufbau und erm\u00f6glicht es au\u00dferhalb des gew\u00f6hnlichen Settings die Jugendlichen zu erleben und kennen zu lernen.<\/p>\n\n\n\n<figure class=\"wp-block-image size-large is-style-default\"><img loading=\"lazy\" decoding=\"async\" width=\"1024\" height=\"768\" src=\"https:\/\/bruecke-starnberg.de\/wp-content\/uploads\/2020\/10\/IMG_2039-1024x768.jpg\" alt=\"\" class=\"wp-image-568\" srcset=\"https:\/\/bruecke-starnberg.de\/wp-content\/uploads\/2020\/10\/IMG_2039-1024x768.jpg 1024w, https:\/\/bruecke-starnberg.de\/wp-content\/uploads\/2020\/10\/IMG_2039-300x225.jpg 300w, https:\/\/bruecke-starnberg.de\/wp-content\/uploads\/2020\/10\/IMG_2039-768x576.jpg 768w, https:\/\/bruecke-starnberg.de\/wp-content\/uploads\/2020\/10\/IMG_2039-1536x1152.jpg 1536w, https:\/\/bruecke-starnberg.de\/wp-content\/uploads\/2020\/10\/IMG_2039-2048x1536.jpg 2048w\" sizes=\"auto, (max-width: 1024px) 100vw, 1024px\" \/><\/figure>\n\n\n","protected":false},"excerpt":{"rendered":"<p>In Zusammenarbeit mit dem Landratsamt Starnberg und dem Kreisjugendring steht gemeinn\u00fctzigen Vereinen und kommunalen Einrichtungen im Landkreis Starnberg das Segelboot \u201eShanty\u201c zur Verf\u00fcgung. Wir als gemeinn\u00fctziger Verein nutzen die \u201eShanty\u201c meist im Rahmen unserer Betreuungsweisungen. Wie kommt es zum Segeln? Das Interesse und die Vorerfahrung mit dem Element Wasser werden im Vorhinein mit dem jeweiligen &hellip; <a href=\"https:\/\/bruecke-starnberg.de\/?page_id=567\" class=\"more-link\"><span class=\"screen-reader-text\">Segelprojekt<\/span> weiterlesen <span class=\"meta-nav\">&rarr;<\/span><\/a><\/p>\n","protected":false},"author":1,"featured_media":0,"parent":0,"menu_order":0,"comment_status":"closed","ping_status":"closed","template":"","meta":{"footnotes":""},"class_list":["post-567","page","type-page","status-publish","hentry"],"_links":{"self":[{"href":"https:\/\/bruecke-starnberg.de\/index.php?rest_route=\/wp\/v2\/pages\/567","targetHints":{"allow":["GET"]}}],"collection":[{"href":"https:\/\/bruecke-starnberg.de\/index.php?rest_route=\/wp\/v2\/pages"}],"about":[{"href":"https:\/\/bruecke-starnberg.de\/index.php?rest_route=\/wp\/v2\/types\/page"}],"author":[{"embeddable":true,"href":"https:\/\/bruecke-starnberg.de\/index.php?rest_route=\/wp\/v2\/users\/1"}],"replies":[{"embeddable":true,"href":"https:\/\/bruecke-starnberg.de\/index.php?rest_route=%2Fwp%2Fv2%2Fcomments&post=567"}],"version-history":[{"count":4,"href":"https:\/\/bruecke-starnberg.de\/index.php?rest_route=\/wp\/v2\/pages\/567\/revisions"}],"predecessor-version":[{"id":718,"href":"https:\/\/bruecke-starnberg.de\/index.php?rest_route=\/wp\/v2\/pages\/567\/revisions\/718"}],"wp:attachment":[{"href":"https:\/\/bruecke-starnberg.de\/index.php?rest_route=%2Fwp%2Fv2%2Fmedia&parent=567"}],"curies":[{"name":"wp","href":"https:\/\/api.w.org\/{rel}","templated":true}]}}