{"id":53,"date":"2016-12-02T16:03:27","date_gmt":"2016-12-02T16:03:27","guid":{"rendered":"http:\/\/bruecke-starnberg.de\/?page_id=53"},"modified":"2022-01-11T11:30:06","modified_gmt":"2022-01-11T10:30:06","slug":"update-projekt","status":"publish","type":"page","link":"https:\/\/bruecke-starnberg.de\/?page_id=53","title":{"rendered":"Update-Projekt"},"content":{"rendered":"<table style=\"width: 787.6px;\">\n<tbody>\n<tr>\n<td style=\"width: 610.167px;\">Bei Verst\u00f6\u00dfen gegen die Schulpflicht wird in der Regel ein Bu\u00dfgeld verh\u00e4ngt. Zahlt ein Jugendlicher das Bu\u00dfgeld nicht, erfolgt eine Umwandlung in soziale Arbeitsstunden. Die Stunden k\u00f6nnen dann entweder in einer sozialen Einrichtung oder durch die Teilnahme an unserem Update-Projekt in Einzelberatungen abgeleistet werden.<\/p>\n<p>Das Projekt beinhaltet 6 Themen-Bl\u00f6cke, die je nach Stand des Jugendlichen bzw. nach der abzuleistenden Stundenzahl zur Anwendung kommen.<\/p>\n<p><strong>Ziele<\/strong><\/p>\n<p><strong>\u00a0<\/strong>Entwicklung von Motivation f\u00fcr den Schulbesuch oder eine Ausbildungssuche<\/p>\n<ul>\n<li>Berufliche Orientierung und Bewerbungssicherheit<\/li>\n<\/ul>\n<p>Zun\u00e4chst werden die Ursachen des Schulvers\u00e4umnisses hinterfragt:<\/p>\n<ul>\n<li>Bestehen pers\u00f6nliche oder famili\u00e4re Schwierigkeiten?<\/li>\n<li>Gab es an der Schule Vorf\u00e4lle von Mobbing?<\/li>\n<li>War der\/die Jugendliche schulisch \u00fcberfordert?<\/li>\n<li>Fehlt eine realisierbare Zukunftsperspektive?<\/li>\n<li>Gibt es einen Suchthintergrund oder psychische Beeintr\u00e4chtigungen?<\/li>\n<\/ul>\n<p>Nach dieser Kl\u00e4rungsphase werden konkrete Schritte unternommen, damit die Schulpflicht zuk\u00fcnftig wieder eingehalten wird, oft auch in Zusammenarbeit mit der entsprechenden Stelle des Landratsamtes. Das bedeutet, es werden alternative Beschulungsm\u00f6glichkeiten gesucht (BVB, BVJ etc.) oder auch konkrete Bewerbungsunterlagen zur Aufnahme einer Ausbildung angefertigt.<\/p>\n<p>Dabei kommen unterschiedliche Methoden der Ressourcen- und L\u00f6sungsorientierten P\u00e4dagogik zum Einsatz (F\u00e4higkeiten-Mind-Map, Zukunftswerkstatt etc.). Denn um sich auf dem Arbeitsmarkt zu integrieren, ist das Erkennen der ganz pers\u00f6nlichen F\u00e4higkeiten und St\u00e4rken \u00e4u\u00dferst wichtig.<\/p>\n<p>.<\/td>\n<td style=\"width: 154.433px; text-align: center;\">[slideshow_deploy id=&#8217;203&#8242;]<\/td>\n<\/tr>\n<\/tbody>\n<\/table>\n","protected":false},"excerpt":{"rendered":"<p>Bei Verst\u00f6\u00dfen gegen die Schulpflicht wird in der Regel ein Bu\u00dfgeld verh\u00e4ngt. Zahlt ein Jugendlicher das Bu\u00dfgeld nicht, erfolgt eine Umwandlung in soziale Arbeitsstunden. Die Stunden k\u00f6nnen dann entweder in einer sozialen Einrichtung oder durch die Teilnahme an unserem Update-Projekt in Einzelberatungen abgeleistet werden. Das Projekt beinhaltet 6 Themen-Bl\u00f6cke, die je nach Stand des Jugendlichen &hellip; <a href=\"https:\/\/bruecke-starnberg.de\/?page_id=53\" class=\"more-link\"><span class=\"screen-reader-text\">Update-Projekt<\/span> weiterlesen <span class=\"meta-nav\">&rarr;<\/span><\/a><\/p>\n","protected":false},"author":1,"featured_media":0,"parent":0,"menu_order":0,"comment_status":"closed","ping_status":"closed","template":"","meta":{"footnotes":""},"class_list":["post-53","page","type-page","status-publish","hentry"],"_links":{"self":[{"href":"https:\/\/bruecke-starnberg.de\/index.php?rest_route=\/wp\/v2\/pages\/53","targetHints":{"allow":["GET"]}}],"collection":[{"href":"https:\/\/bruecke-starnberg.de\/index.php?rest_route=\/wp\/v2\/pages"}],"about":[{"href":"https:\/\/bruecke-starnberg.de\/index.php?rest_route=\/wp\/v2\/types\/page"}],"author":[{"embeddable":true,"href":"https:\/\/bruecke-starnberg.de\/index.php?rest_route=\/wp\/v2\/users\/1"}],"replies":[{"embeddable":true,"href":"https:\/\/bruecke-starnberg.de\/index.php?rest_route=%2Fwp%2Fv2%2Fcomments&post=53"}],"version-history":[{"count":6,"href":"https:\/\/bruecke-starnberg.de\/index.php?rest_route=\/wp\/v2\/pages\/53\/revisions"}],"predecessor-version":[{"id":720,"href":"https:\/\/bruecke-starnberg.de\/index.php?rest_route=\/wp\/v2\/pages\/53\/revisions\/720"}],"wp:attachment":[{"href":"https:\/\/bruecke-starnberg.de\/index.php?rest_route=%2Fwp%2Fv2%2Fmedia&parent=53"}],"curies":[{"name":"wp","href":"https:\/\/api.w.org\/{rel}","templated":true}]}}