{"id":51,"date":"2016-12-02T16:02:56","date_gmt":"2016-12-02T16:02:56","guid":{"rendered":"http:\/\/bruecke-starnberg.de\/?page_id=51"},"modified":"2022-01-11T11:24:41","modified_gmt":"2022-01-11T10:24:41","slug":"naturschutz-aktionen","status":"publish","type":"page","link":"https:\/\/bruecke-starnberg.de\/?page_id=51","title":{"rendered":"Naturschutz-Aktionen"},"content":{"rendered":"<table style=\"width: 123.772%;\">\n<tbody>\n<tr>\n<td style=\"width: 79.771%;\">Zweimal im Jahr finden in Zusammenarbeit mit dem \u201eBund Naturschutz\u201c Umwelt-Aktionen statt, bei denen Jugendliche in einer Gruppe, unter p\u00e4dagogischer und fachlicher Anleitung, soziale Arbeitsstunden ableisten.\n<p>\u00a0<\/p>\n<p><strong>Ablauf<\/strong><\/p>\n<ul>\n<li>1. Gruppentreffen mit Kennenlernphase und Kl\u00e4rung der zu erledigenden Aufgaben und Abl\u00e4ufe sowie der Anforderungen an die Jugendlichen<\/li>\n<li>2. und 3. Treffen am Aktionswochenende: In Zusammenarbeit mit dem Bund-Naturschutz werden mit der Gruppe spezielle Umwelt-Projekte durchgef\u00fchrt, wie z. B. das Befreien von Streuwiesen von umgest\u00fcrzten B\u00e4umen, Wiesen rechen, B\u00e4ume pflanzen, etc.<\/li>\n<li>4. Treffen:\u00a0 Reflektion der Arbeitsabl\u00e4ufe sowie der gruppendynamischen Prozesse.<\/li>\n<\/ul>\n<p><strong>Ziele<\/strong><\/p>\n<p>Die Jugendlichen lernen in der Gruppe kooperativ zu arbeiten, wobei soziale Kompetenzen und die Kommunikationsf\u00e4higkeit gef\u00f6rdert werden. Dabei sind sowohl die R\u00fccksichtnahme auf andere Menschen, ebenso wie auf die Natur, thematische Inhalte, die Kontaktproblemen, Autorit\u00e4tsproblemen, bzw. allgemeinen Schwierigkeiten im Sozialverhalten entgegenwirken. Die Jugendlichen engagieren sich hier f\u00fcr den Naturschutz, \u00fcben T\u00e4tigkeiten an der \u201efrischen Luft\u201c aus und lernen etwas \u00fcber die Natur. Viele Jugendliche haben daher das Gef\u00fchl, etwas Sinnvolles zu tun.<\/p>\n<p>So hat sich beispielsweise ein Jugendlicher ein Jahr nach seiner Teilnahme an dem Projekt einmal bei uns erkundigt, wo sie die B\u00e4ume gepflanzt hatten. Er wollte sie gerne noch einmal ansehen.<\/p>\n<\/td>\n<td style=\"width: 20.229%; text-align: center;\">\u00a0<\/td>\n<\/tr>\n<\/tbody>\n<\/table>\n\n\n<figure class=\"wp-block-gallery columns-3 wp-block-gallery-1 is-layout-flex wp-block-gallery-is-layout-flex\"><ul class=\"blocks-gallery-grid\"><li class=\"blocks-gallery-item\"><figure><img loading=\"lazy\" decoding=\"async\" width=\"1024\" height=\"768\" src=\"https:\/\/bruecke-starnberg.de\/wp-content\/uploads\/2020\/10\/IMG_8103-1024x768.jpg\" alt=\"\" data-id=\"595\" data-full-url=\"https:\/\/bruecke-starnberg.de\/wp-content\/uploads\/2020\/10\/IMG_8103-scaled.jpg\" data-link=\"https:\/\/bruecke-starnberg.de\/?attachment_id=595\" class=\"wp-image-595\" srcset=\"https:\/\/bruecke-starnberg.de\/wp-content\/uploads\/2020\/10\/IMG_8103-1024x768.jpg 1024w, https:\/\/bruecke-starnberg.de\/wp-content\/uploads\/2020\/10\/IMG_8103-300x225.jpg 300w, https:\/\/bruecke-starnberg.de\/wp-content\/uploads\/2020\/10\/IMG_8103-768x576.jpg 768w, https:\/\/bruecke-starnberg.de\/wp-content\/uploads\/2020\/10\/IMG_8103-1536x1152.jpg 1536w, https:\/\/bruecke-starnberg.de\/wp-content\/uploads\/2020\/10\/IMG_8103-2048x1536.jpg 2048w\" sizes=\"auto, (max-width: 1024px) 100vw, 1024px\" \/><\/figure><\/li><li class=\"blocks-gallery-item\"><figure><img loading=\"lazy\" decoding=\"async\" width=\"768\" height=\"1024\" src=\"https:\/\/bruecke-starnberg.de\/wp-content\/uploads\/2017\/03\/Foto-6-768x1024.jpg\" alt=\"\" data-id=\"227\" data-full-url=\"https:\/\/bruecke-starnberg.de\/wp-content\/uploads\/2017\/03\/Foto-6.jpg\" data-link=\"https:\/\/bruecke-starnberg.de\/?attachment_id=227\" class=\"wp-image-227\" srcset=\"https:\/\/bruecke-starnberg.de\/wp-content\/uploads\/2017\/03\/Foto-6-768x1024.jpg 768w, https:\/\/bruecke-starnberg.de\/wp-content\/uploads\/2017\/03\/Foto-6-225x300.jpg 225w\" sizes=\"auto, (max-width: 768px) 100vw, 768px\" \/><\/figure><\/li><li class=\"blocks-gallery-item\"><figure><img loading=\"lazy\" decoding=\"async\" width=\"1024\" height=\"768\" src=\"https:\/\/bruecke-starnberg.de\/wp-content\/uploads\/2020\/10\/IMG_8124-1-1024x768.jpg\" alt=\"\" data-id=\"597\" data-full-url=\"https:\/\/bruecke-starnberg.de\/wp-content\/uploads\/2020\/10\/IMG_8124-1-scaled.jpg\" data-link=\"https:\/\/bruecke-starnberg.de\/?attachment_id=597\" class=\"wp-image-597\" srcset=\"https:\/\/bruecke-starnberg.de\/wp-content\/uploads\/2020\/10\/IMG_8124-1-1024x768.jpg 1024w, https:\/\/bruecke-starnberg.de\/wp-content\/uploads\/2020\/10\/IMG_8124-1-300x225.jpg 300w, https:\/\/bruecke-starnberg.de\/wp-content\/uploads\/2020\/10\/IMG_8124-1-768x576.jpg 768w, https:\/\/bruecke-starnberg.de\/wp-content\/uploads\/2020\/10\/IMG_8124-1-1536x1152.jpg 1536w, https:\/\/bruecke-starnberg.de\/wp-content\/uploads\/2020\/10\/IMG_8124-1-2048x1536.jpg 2048w\" sizes=\"auto, (max-width: 1024px) 100vw, 1024px\" \/><\/figure><\/li><\/ul><\/figure>\n","protected":false},"excerpt":{"rendered":"<p>Zweimal im Jahr finden in Zusammenarbeit mit dem \u201eBund Naturschutz\u201c Umwelt-Aktionen statt, bei denen Jugendliche in einer Gruppe, unter p\u00e4dagogischer und fachlicher Anleitung, soziale Arbeitsstunden ableisten. \u00a0 Ablauf 1. Gruppentreffen mit Kennenlernphase und Kl\u00e4rung der zu erledigenden Aufgaben und Abl\u00e4ufe sowie der Anforderungen an die Jugendlichen 2. und 3. Treffen am Aktionswochenende: In Zusammenarbeit mit &hellip; <a href=\"https:\/\/bruecke-starnberg.de\/?page_id=51\" class=\"more-link\"><span class=\"screen-reader-text\">Naturschutz-Aktionen<\/span> weiterlesen <span class=\"meta-nav\">&rarr;<\/span><\/a><\/p>\n","protected":false},"author":1,"featured_media":0,"parent":0,"menu_order":0,"comment_status":"closed","ping_status":"closed","template":"","meta":{"footnotes":""},"class_list":["post-51","page","type-page","status-publish","hentry"],"_links":{"self":[{"href":"https:\/\/bruecke-starnberg.de\/index.php?rest_route=\/wp\/v2\/pages\/51","targetHints":{"allow":["GET"]}}],"collection":[{"href":"https:\/\/bruecke-starnberg.de\/index.php?rest_route=\/wp\/v2\/pages"}],"about":[{"href":"https:\/\/bruecke-starnberg.de\/index.php?rest_route=\/wp\/v2\/types\/page"}],"author":[{"embeddable":true,"href":"https:\/\/bruecke-starnberg.de\/index.php?rest_route=\/wp\/v2\/users\/1"}],"replies":[{"embeddable":true,"href":"https:\/\/bruecke-starnberg.de\/index.php?rest_route=%2Fwp%2Fv2%2Fcomments&post=51"}],"version-history":[{"count":19,"href":"https:\/\/bruecke-starnberg.de\/index.php?rest_route=\/wp\/v2\/pages\/51\/revisions"}],"predecessor-version":[{"id":716,"href":"https:\/\/bruecke-starnberg.de\/index.php?rest_route=\/wp\/v2\/pages\/51\/revisions\/716"}],"wp:attachment":[{"href":"https:\/\/bruecke-starnberg.de\/index.php?rest_route=%2Fwp%2Fv2%2Fmedia&parent=51"}],"curies":[{"name":"wp","href":"https:\/\/api.w.org\/{rel}","templated":true}]}}