{"id":49,"date":"2016-12-02T16:02:26","date_gmt":"2016-12-02T16:02:26","guid":{"rendered":"http:\/\/bruecke-starnberg.de\/?page_id=49"},"modified":"2022-01-11T11:22:08","modified_gmt":"2022-01-11T10:22:08","slug":"beratungen","status":"publish","type":"page","link":"https:\/\/bruecke-starnberg.de\/?page_id=49","title":{"rendered":"Beratungen"},"content":{"rendered":"<table style=\"width: 761px;\">\n<tbody>\n<tr>\n<td style=\"width: 584px;\">\n<h6><span style=\"color: #000000;\">Psycho-Soziale Gespr\u00e4che<br \/>\n<\/span><\/h6>\n<p>Hierbei handelt es sich um eine Kurzzeit-Intervention, die im Rahmen Jugendrichterlicher Weisungen ausgesprochen wird. In der Regel sind es 3 bis 8 Gespr\u00e4che. Hierbei steht der konstruktive Umgang mit Stressoren, die auf die Jugendlichen einwirken und zu einem delinquenten Verhalten gef\u00fchrt haben, im Vordergrund.<\/p>\n<p>Die Arbeit konzentriert sich auf die Lebenswelt der Jugendlichen, es werden Ziele anhand der individuellen Ressourcen verfolgt und definiert, Kompetenzen werden weiterentwickelt und neue erschlossen. Das Ziel muss immer sein, dass ein Jugendlicher nach den Gespr\u00e4chen ein selbstbestimmteres Leben f\u00fchren kann.<\/p>\n<p>F\u00fcr die Praxis bedeutet das, dass diese Weisung Delikt unabh\u00e4ngig ausgesprochen werden kann und f\u00fcr jeden Beratungsprozess die Themen individuell festgelegt werden k\u00f6nnen.<\/p>\n<p>H\u00e4ufig geht es um folgende Inhalte:<\/p>\n<ul>\n<li>Drogenkonsum<\/li>\n<li>Gewalt<\/li>\n<li>famili\u00e4re Probleme<\/li>\n<li>Ausbildungs- bzw. Jobsuche etc.<\/li>\n<\/ul>\n<p><span style=\"color: #000000;\">\u00a0<\/span><\/td>\n<td style=\"width: 154px;\"><\/td>\n<\/tr>\n<tr>\n<td style=\"width: 584px;\">\n<h6><span style=\"color: #000000;\">Suchtberatung<\/span><\/h6>\n<p>Jugendliche, die mit dem Bet\u00e4ubungsmittelgesetz in Konflikt geraten sind oder<br \/>\nunter Alkoholeinfluss\u00a0eine Straftat\u00a0begangen haben, k\u00f6nnen ihre Weisung zur<br \/>\nAlkohol-\/ Drogenberatung bei uns erf\u00fcllen. Die Beratung findet in Form von<br \/>\nEinzelgespr\u00e4chen statt.<\/p>\n<p>Unsere Beratungen haben zum Ziel:<\/p>\n<ul>\n<li>Konsumverhalten kritisch hinterfragen<\/li>\n<li>Probleme erkennen<\/li>\n<li>Ver\u00e4nderungsprozesse anregen und begleiten<\/li>\n<\/ul>\n<p><span style=\"color: #000000;\">\u00a0<\/span><\/td>\n<td style=\"width: 154px;\"><\/td>\n<\/tr>\n<\/tbody>\n<\/table>\n","protected":false},"excerpt":{"rendered":"<p>Psycho-Soziale Gespr\u00e4che Hierbei handelt es sich um eine Kurzzeit-Intervention, die im Rahmen Jugendrichterlicher Weisungen ausgesprochen wird. In der Regel sind es 3 bis 8 Gespr\u00e4che. Hierbei steht der konstruktive Umgang mit Stressoren, die auf die Jugendlichen einwirken und zu einem delinquenten Verhalten gef\u00fchrt haben, im Vordergrund. Die Arbeit konzentriert sich auf die Lebenswelt der Jugendlichen, &hellip; <a href=\"https:\/\/bruecke-starnberg.de\/?page_id=49\" class=\"more-link\"><span class=\"screen-reader-text\">Beratungen<\/span> weiterlesen <span class=\"meta-nav\">&rarr;<\/span><\/a><\/p>\n","protected":false},"author":1,"featured_media":0,"parent":0,"menu_order":0,"comment_status":"closed","ping_status":"closed","template":"","meta":{"footnotes":""},"class_list":["post-49","page","type-page","status-publish","hentry"],"_links":{"self":[{"href":"https:\/\/bruecke-starnberg.de\/index.php?rest_route=\/wp\/v2\/pages\/49","targetHints":{"allow":["GET"]}}],"collection":[{"href":"https:\/\/bruecke-starnberg.de\/index.php?rest_route=\/wp\/v2\/pages"}],"about":[{"href":"https:\/\/bruecke-starnberg.de\/index.php?rest_route=\/wp\/v2\/types\/page"}],"author":[{"embeddable":true,"href":"https:\/\/bruecke-starnberg.de\/index.php?rest_route=\/wp\/v2\/users\/1"}],"replies":[{"embeddable":true,"href":"https:\/\/bruecke-starnberg.de\/index.php?rest_route=%2Fwp%2Fv2%2Fcomments&post=49"}],"version-history":[{"count":18,"href":"https:\/\/bruecke-starnberg.de\/index.php?rest_route=\/wp\/v2\/pages\/49\/revisions"}],"predecessor-version":[{"id":714,"href":"https:\/\/bruecke-starnberg.de\/index.php?rest_route=\/wp\/v2\/pages\/49\/revisions\/714"}],"wp:attachment":[{"href":"https:\/\/bruecke-starnberg.de\/index.php?rest_route=%2Fwp%2Fv2%2Fmedia&parent=49"}],"curies":[{"name":"wp","href":"https:\/\/api.w.org\/{rel}","templated":true}]}}