{"id":47,"date":"2016-12-02T16:01:52","date_gmt":"2016-12-02T16:01:52","guid":{"rendered":"http:\/\/bruecke-starnberg.de\/?page_id=47"},"modified":"2020-10-06T17:42:56","modified_gmt":"2020-10-06T15:42:56","slug":"taeter-opfer-ausgleich","status":"publish","type":"page","link":"https:\/\/bruecke-starnberg.de\/?page_id=47","title":{"rendered":"T\u00e4ter-Opfer-Ausgleich"},"content":{"rendered":"<table style=\"width: 787.6px;\">\n<tbody>\n<tr>\n<td style=\"width: 610.167px;\">Unter\u00a0T\u00e4ter-Opfer-Ausgleich\u00a0versteht man die au\u00dfergerichtliche Konfliktschlichtung.<br \/>Gesch\u00e4digter und Beschuldigter\u00a0einer Straftat haben die M\u00f6glichkeit, mithilfe eines<br \/>neutralen Vermittlers den Konflikt zu bearbeiten und zu kl\u00e4ren. Die Beteiligten stellen<br \/>ihre Sicht der Tat dar und setzen sich mit dem Erlebten\u00a0auseinander.<br \/>Der T\u00e4ter-Opfer-Ausgleich beinhaltet neben der Konfliktschlichtung auch eine<br \/>Wiedergutmachung. Voraussetzung daf\u00fcr ist, dass sich Gesch\u00e4digter\u00a0und Beschuldigter<br \/>der Straftat auf einen Ausgleich einigen, z.B. eine finanzielle Wiedergutmachung,<br \/>Schadenersatz, etc.<br \/>Nach Abschluss des T\u00e4ter-Opfer-Ausgleichs entscheidet\u00a0die Staatsanwaltschaft,<br \/>ob das Verfahren eingestellt wird. Die Teilnahme am T\u00e4ter-Opfer-\u00a0Ausgleich ist freiwillig.<\/td>\n<td style=\"width: 154.433px; text-align: center;\">\u00a0<\/td>\n<\/tr>\n<\/tbody>\n<\/table>\n\n","protected":false},"excerpt":{"rendered":"<p>Unter\u00a0T\u00e4ter-Opfer-Ausgleich\u00a0versteht man die au\u00dfergerichtliche Konfliktschlichtung.Gesch\u00e4digter und Beschuldigter\u00a0einer Straftat haben die M\u00f6glichkeit, mithilfe einesneutralen Vermittlers den Konflikt zu bearbeiten und zu kl\u00e4ren. Die Beteiligten stellenihre Sicht der Tat dar und setzen sich mit dem Erlebten\u00a0auseinander.Der T\u00e4ter-Opfer-Ausgleich beinhaltet neben der Konfliktschlichtung auch eineWiedergutmachung. Voraussetzung daf\u00fcr ist, dass sich Gesch\u00e4digter\u00a0und Beschuldigterder Straftat auf einen Ausgleich einigen, z.B. eine &hellip; <a href=\"https:\/\/bruecke-starnberg.de\/?page_id=47\" class=\"more-link\"><span class=\"screen-reader-text\">T\u00e4ter-Opfer-Ausgleich<\/span> weiterlesen <span class=\"meta-nav\">&rarr;<\/span><\/a><\/p>\n","protected":false},"author":1,"featured_media":0,"parent":0,"menu_order":0,"comment_status":"closed","ping_status":"closed","template":"","meta":{"footnotes":""},"class_list":["post-47","page","type-page","status-publish","hentry"],"_links":{"self":[{"href":"https:\/\/bruecke-starnberg.de\/index.php?rest_route=\/wp\/v2\/pages\/47","targetHints":{"allow":["GET"]}}],"collection":[{"href":"https:\/\/bruecke-starnberg.de\/index.php?rest_route=\/wp\/v2\/pages"}],"about":[{"href":"https:\/\/bruecke-starnberg.de\/index.php?rest_route=\/wp\/v2\/types\/page"}],"author":[{"embeddable":true,"href":"https:\/\/bruecke-starnberg.de\/index.php?rest_route=\/wp\/v2\/users\/1"}],"replies":[{"embeddable":true,"href":"https:\/\/bruecke-starnberg.de\/index.php?rest_route=%2Fwp%2Fv2%2Fcomments&post=47"}],"version-history":[{"count":4,"href":"https:\/\/bruecke-starnberg.de\/index.php?rest_route=\/wp\/v2\/pages\/47\/revisions"}],"predecessor-version":[{"id":592,"href":"https:\/\/bruecke-starnberg.de\/index.php?rest_route=\/wp\/v2\/pages\/47\/revisions\/592"}],"wp:attachment":[{"href":"https:\/\/bruecke-starnberg.de\/index.php?rest_route=%2Fwp%2Fv2%2Fmedia&parent=47"}],"curies":[{"name":"wp","href":"https:\/\/api.w.org\/{rel}","templated":true}]}}