{"id":45,"date":"2016-12-02T16:01:08","date_gmt":"2016-12-02T16:01:08","guid":{"rendered":"http:\/\/bruecke-starnberg.de\/?page_id=45"},"modified":"2022-01-11T11:20:34","modified_gmt":"2022-01-11T10:20:34","slug":"betreuungsweisungen","status":"publish","type":"page","link":"https:\/\/bruecke-starnberg.de\/?page_id=45","title":{"rendered":"Betreuungsweisung"},"content":{"rendered":"\n<h4>Intensivp\u00e4dagogische Einzelma\u00dfnahme<\/h4>\n\n\n<table style=\"width: 787.6px;\">\n<tbody>\n<tr>\n<td style=\"width: 610.167px;\">Eine Betreuungsweisung wird ausgesprochen, wenn Jugendliche mehrfach strafrechtlich auff\u00e4llig wurden oder schwerwiegende Delikte begangen haben, wenn sie sich in einer multiplen problembeladenen Lebenssituation befinden oder weitere Straftaten zu bef\u00fcrchten sind. Sie wird in der Regel f\u00fcr einen Zeitraum von 6 bis 12 Monate ausgesprochen und in regelm\u00e4\u00dfig stattfindenden Einzelterminen durchgef\u00fchrt.\n<p>\u00a0<\/p>\n<p>Bei dieser intensiven ambulanten Ma\u00dfnahme k\u00f6nnen die Grundlagen f\u00fcr eine vertrauensvolle und konstruktive Zusammenarbeit aufgebaut und Entwicklungsprozesse \u00fcber einen l\u00e4ngeren Zeitraum begleitet werden. Dabei sind die Inhalte ebenso wie der zeitliche Aufwand der Betreuung an der konkreten Problemlage des Jugendlichen ausgerichtet, k\u00f6nnen also variabel angepasst werden, wenn gr\u00f6\u00dfere Schwierigkeiten zu bew\u00e4ltigen sind. H\u00e4ufig behandelte Themen sind neben den Ursachen und Auswirkungen der Straftat eine fehlende schulische bzw. berufliche Orientierung, Schuldenregulierung, ungeregelte Wohnsituationen, Suchtgefahr oder Drogenmissbrauch, psychische Beeintr\u00e4chtigungen und famili\u00e4re Konflikte.<\/p>\n<p><strong>Ziele<\/strong><\/p>\n<p>Zun\u00e4chst werden sehr konkrete und realisierbare Betreuungs-Ziele vereinbart, wie etwa eine Ausbildungsplatzsuche, Schuldenregulierung etc.. Allgemeine Ziele der Betreuungsweisung sind die Bef\u00e4higung der jungen Menschen, ein verantwortungsvolles und straffreies Leben f\u00fchren zu k\u00f6nnen und die Entwicklung grundlegender sozialer und emotionaler Kompetenzen zu st\u00e4rken. Im Einzelnen umfassen sie:<\/p>\n<ul>\n<li>eine bewusste Auseinandersetzung mit dem delinquenten Verhalten<\/li>\n<li>Unterst\u00fctzung der Eigenverantwortlichkeit<\/li>\n<li>Verbesserung der Empathie, der Wahrnehmungs- und Ausdrucksf\u00e4higkeit<\/li>\n<li>Aufarbeitung belastender Erfahrungen<\/li>\n<li>Anwendung alternativer L\u00f6sungs- und Handlungsstrategien<\/li>\n<li>Konfliktkl\u00e4rung im Elternhaus und in der Peergroup<\/li>\n<li>Erarbeitung eines gesunden Selbstwertgef\u00fchls<\/li>\n<li>schulische bzw. berufliche Integration<\/li>\n<li>Verselbst\u00e4ndigung im Alltag<\/li>\n<li>Aufbau eines konstruktiven Freizeitverhaltens<\/li>\n<\/ul>\n<p><strong>Vorgehensweisen \/ Methoden <\/strong><\/p>\n<ul>\n<li>verschiedenste Methoden aus P\u00e4dagogik und Motivationstrainings, z. B. F\u00e4higkeiten-Mind-Map, Auseinandersetzung mit Materialien der modernen Medien, Lebenslinie etc.<\/li>\n<li>Systemischer Ansatz: Konfliktberatung unter Einbezug des sozialen Umfeldes<\/li>\n<li>aufsuchende Beratungsarbeit<\/li>\n<li>Berufsorientierungsma\u00dfnahmen und Bewerbungsma\u00dfnahmen<\/li>\n<li>gezielte Unterst\u00fctzung bei Beh\u00f6rdeng\u00e4ngen (Arbeitsagentur, Ausl\u00e4nderbeh\u00f6rde, Schuldnerberatung, etc.)<\/li>\n<li>Vernetzung im Sozialraum und bez\u00fcglich weiterf\u00fchrender Hilfsangebote<\/li>\n<li>bei schwerwiegenden Problemen in der emotionalen, psychosozialen oder kognitiven Entwicklung \u00dcberleitung an andere Einrichtungen (Kliniken, Beratungsstellen etc.)<\/li>\n<\/ul>\n<\/td>\n<td style=\"width: 154.433px; text-align: center;\">\u00a0<\/td>\n<\/tr>\n<\/tbody>\n<\/table>\n\n\n<figure class=\"wp-block-gallery columns-2 is-cropped wp-block-gallery-1 is-layout-flex wp-block-gallery-is-layout-flex\"><ul class=\"blocks-gallery-grid\"><li class=\"blocks-gallery-item\"><figure><img loading=\"lazy\" decoding=\"async\" width=\"221\" height=\"300\" src=\"https:\/\/bruecke-starnberg.de\/wp-content\/uploads\/2017\/03\/Foto-4-1-221x300.jpg\" alt=\"\" data-id=\"230\" data-full-url=\"https:\/\/bruecke-starnberg.de\/wp-content\/uploads\/2017\/03\/Foto-4-1.jpg\" data-link=\"https:\/\/bruecke-starnberg.de\/?attachment_id=230\" class=\"wp-image-230\" srcset=\"https:\/\/bruecke-starnberg.de\/wp-content\/uploads\/2017\/03\/Foto-4-1-221x300.jpg 221w, https:\/\/bruecke-starnberg.de\/wp-content\/uploads\/2017\/03\/Foto-4-1-768x1045.jpg 768w, https:\/\/bruecke-starnberg.de\/wp-content\/uploads\/2017\/03\/Foto-4-1-753x1024.jpg 753w\" sizes=\"auto, (max-width: 221px) 100vw, 221px\" \/><\/figure><\/li><li class=\"blocks-gallery-item\"><figure><img loading=\"lazy\" decoding=\"async\" width=\"231\" height=\"300\" src=\"https:\/\/bruecke-starnberg.de\/wp-content\/uploads\/2017\/03\/Foto-8-231x300.jpg\" alt=\"\" data-id=\"229\" data-full-url=\"https:\/\/bruecke-starnberg.de\/wp-content\/uploads\/2017\/03\/Foto-8.jpg\" data-link=\"https:\/\/bruecke-starnberg.de\/?attachment_id=229\" class=\"wp-image-229\" srcset=\"https:\/\/bruecke-starnberg.de\/wp-content\/uploads\/2017\/03\/Foto-8-231x300.jpg 231w, https:\/\/bruecke-starnberg.de\/wp-content\/uploads\/2017\/03\/Foto-8-768x998.jpg 768w, https:\/\/bruecke-starnberg.de\/wp-content\/uploads\/2017\/03\/Foto-8-788x1024.jpg 788w\" sizes=\"auto, (max-width: 231px) 100vw, 231px\" \/><\/figure><\/li><\/ul><\/figure>\n","protected":false},"excerpt":{"rendered":"<p>Intensivp\u00e4dagogische Einzelma\u00dfnahme Eine Betreuungsweisung wird ausgesprochen, wenn Jugendliche mehrfach strafrechtlich auff\u00e4llig wurden oder schwerwiegende Delikte begangen haben, wenn sie sich in einer multiplen problembeladenen Lebenssituation befinden oder weitere Straftaten zu bef\u00fcrchten sind. Sie wird in der Regel f\u00fcr einen Zeitraum von 6 bis 12 Monate ausgesprochen und in regelm\u00e4\u00dfig stattfindenden Einzelterminen durchgef\u00fchrt. \u00a0 Bei dieser &hellip; <a href=\"https:\/\/bruecke-starnberg.de\/?page_id=45\" class=\"more-link\"><span class=\"screen-reader-text\">Betreuungsweisung<\/span> weiterlesen <span class=\"meta-nav\">&rarr;<\/span><\/a><\/p>\n","protected":false},"author":1,"featured_media":0,"parent":0,"menu_order":0,"comment_status":"closed","ping_status":"closed","template":"","meta":{"footnotes":""},"class_list":["post-45","page","type-page","status-publish","hentry"],"_links":{"self":[{"href":"https:\/\/bruecke-starnberg.de\/index.php?rest_route=\/wp\/v2\/pages\/45","targetHints":{"allow":["GET"]}}],"collection":[{"href":"https:\/\/bruecke-starnberg.de\/index.php?rest_route=\/wp\/v2\/pages"}],"about":[{"href":"https:\/\/bruecke-starnberg.de\/index.php?rest_route=\/wp\/v2\/types\/page"}],"author":[{"embeddable":true,"href":"https:\/\/bruecke-starnberg.de\/index.php?rest_route=\/wp\/v2\/users\/1"}],"replies":[{"embeddable":true,"href":"https:\/\/bruecke-starnberg.de\/index.php?rest_route=%2Fwp%2Fv2%2Fcomments&post=45"}],"version-history":[{"count":9,"href":"https:\/\/bruecke-starnberg.de\/index.php?rest_route=\/wp\/v2\/pages\/45\/revisions"}],"predecessor-version":[{"id":712,"href":"https:\/\/bruecke-starnberg.de\/index.php?rest_route=\/wp\/v2\/pages\/45\/revisions\/712"}],"wp:attachment":[{"href":"https:\/\/bruecke-starnberg.de\/index.php?rest_route=%2Fwp%2Fv2%2Fmedia&parent=45"}],"curies":[{"name":"wp","href":"https:\/\/api.w.org\/{rel}","templated":true}]}}