{"id":43,"date":"2016-12-02T16:00:32","date_gmt":"2016-12-02T16:00:32","guid":{"rendered":"http:\/\/bruecke-starnberg.de\/?page_id=43"},"modified":"2022-01-11T11:18:04","modified_gmt":"2022-01-11T10:18:04","slug":"arbeitsweisungen","status":"publish","type":"page","link":"https:\/\/bruecke-starnberg.de\/?page_id=43","title":{"rendered":"Arbeitsweisungen"},"content":{"rendered":"<table style=\"width: 787.6px;\">\n<tbody>\n<tr>\n<td style=\"width: 610.167px;\">Jugendliche, die eine Weisung zur Ableistung gemeinn\u00fctziger Arbeit nach \u00a7 10 JGG erhalten, laden wir zu einem pers\u00f6nlichen Termin in unsere Sprechstunde ein. Bei diesem Gespr\u00e4ch thematisieren wir die Hintergr\u00fcnde der jeweiligen Straftat und besprechen auch die aktuellen Lebensumst\u00e4nde der Jugendlichen.<\/p>\n<p>Im Anschluss werden die Rahmenbedingungen der Arbeitsweisung er\u00f6rtert. Die gemeinn\u00fctzige Arbeit ist von den Jugendlichen in der Freizeit zu leisten und soll die berufliche\/ schulische Bildung nicht beeintr\u00e4chtigen.<\/p>\n<p>Wir arbeiten dabei mit Einsatzstellen in verschiedensten Bereichen wie Seniorenh\u00e4usern, dem st\u00e4dtischen Schwimmbad, Kinderbetreuungseinrichtungen, Kirchen, etc. zusammen, damit den Jugendlichen eine m\u00f6glichst passende Einsatzstelle vermittelt werden kann.<\/p>\n<p>Wir halten w\u00e4hrend des Arbeitseinsatzes Kontakt zu den Vertretern der Einrichtungen und sind Ansprechpartner, falls es w\u00e4hrend des Arbeitseinsatzes Schwierigkeiten gibt.<\/p>\n<p>F\u00fcr viele Jugendliche ist die Arbeitsweisung eine sehr sinnvolle Ma\u00dfnahme. Sie erfahren dabei, dass ihre Taten Konsequenzen haben, die sie tragen und f\u00fcr die sie Verantwortung \u00fcbernehmen m\u00fcssen. Viele k\u00f6nnen auch erste Erfahrungen in der Arbeitswelt sammeln oder erleben, dass ihre Taten Spuren hinterlassen, da die Menschen, mit denen sie in Kontakt kommen, ihnen \u201eechte\u201c R\u00fcckmeldung \u00fcber ihre Arbeit geben. Und schlie\u00dflich k\u00f6nnen sie eine Wiedergutmachung an der Gesellschaft f\u00fcr die begangene Straftat leisten.<\/td>\n<td style=\"width: 154.433px; text-align: center;\"><\/td>\n<\/tr>\n<\/tbody>\n<\/table>\n","protected":false},"excerpt":{"rendered":"<p>Jugendliche, die eine Weisung zur Ableistung gemeinn\u00fctziger Arbeit nach \u00a7 10 JGG erhalten, laden wir zu einem pers\u00f6nlichen Termin in unsere Sprechstunde ein. Bei diesem Gespr\u00e4ch thematisieren wir die Hintergr\u00fcnde der jeweiligen Straftat und besprechen auch die aktuellen Lebensumst\u00e4nde der Jugendlichen. Im Anschluss werden die Rahmenbedingungen der Arbeitsweisung er\u00f6rtert. Die gemeinn\u00fctzige Arbeit ist von den &hellip; <a href=\"https:\/\/bruecke-starnberg.de\/?page_id=43\" class=\"more-link\"><span class=\"screen-reader-text\">Arbeitsweisungen<\/span> weiterlesen <span class=\"meta-nav\">&rarr;<\/span><\/a><\/p>\n","protected":false},"author":1,"featured_media":0,"parent":0,"menu_order":0,"comment_status":"closed","ping_status":"closed","template":"","meta":{"footnotes":""},"class_list":["post-43","page","type-page","status-publish","hentry"],"_links":{"self":[{"href":"https:\/\/bruecke-starnberg.de\/index.php?rest_route=\/wp\/v2\/pages\/43","targetHints":{"allow":["GET"]}}],"collection":[{"href":"https:\/\/bruecke-starnberg.de\/index.php?rest_route=\/wp\/v2\/pages"}],"about":[{"href":"https:\/\/bruecke-starnberg.de\/index.php?rest_route=\/wp\/v2\/types\/page"}],"author":[{"embeddable":true,"href":"https:\/\/bruecke-starnberg.de\/index.php?rest_route=\/wp\/v2\/users\/1"}],"replies":[{"embeddable":true,"href":"https:\/\/bruecke-starnberg.de\/index.php?rest_route=%2Fwp%2Fv2%2Fcomments&post=43"}],"version-history":[{"count":10,"href":"https:\/\/bruecke-starnberg.de\/index.php?rest_route=\/wp\/v2\/pages\/43\/revisions"}],"predecessor-version":[{"id":711,"href":"https:\/\/bruecke-starnberg.de\/index.php?rest_route=\/wp\/v2\/pages\/43\/revisions\/711"}],"wp:attachment":[{"href":"https:\/\/bruecke-starnberg.de\/index.php?rest_route=%2Fwp%2Fv2%2Fmedia&parent=43"}],"curies":[{"name":"wp","href":"https:\/\/api.w.org\/{rel}","templated":true}]}}