{"id":321,"date":"2018-03-20T17:10:46","date_gmt":"2018-03-20T16:10:46","guid":{"rendered":"http:\/\/bruecke-starnberg.de\/?page_id=321"},"modified":"2022-01-11T11:22:53","modified_gmt":"2022-01-11T10:22:53","slug":"leseweisung","status":"publish","type":"page","link":"https:\/\/bruecke-starnberg.de\/?page_id=321","title":{"rendered":"Leseweisung"},"content":{"rendered":"<p>Bei der Leseweisung handelt es sich um eine Gespr\u00e4chsweisung, der ein Jugendbuch als Grundlage dient.<\/p>\n<p>In einem zeitlichen Rahmen von 4 &#8211; 5 Terminen, wird zun\u00e4chst ein geeignetes Jugendbuch aus unserer \u201eLeseweisungs-Bibliothek\u201c ausgew\u00e4hlt und in den Folgeterminen besprochen. Es gibt B\u00fccher zu verschiedenen Themen, die junge Menschen ansprechen. Bei der Besch\u00e4ftigung mit dem Buch, wird der\/die LeserIn mit Themen konfrontiert, die auch in ihrem eigenen Leben eine Rolle spielen, z.B. Mobbing, Schulprobleme, Sorgen, \u00c4ngste, Probleme im sozialen Umfeld.<\/p>\n<p>Indem im Gespr\u00e4ch auf die Handlung und die Charaktere des Buches zur\u00fcckgegriffen wird, finden viele Jugendliche einen leichteren Einstieg ins Gespr\u00e4ch und k\u00f6nnen eigene Erlebnisse und Gef\u00fchle besser ausdr\u00fccken. Die Leseweisung schlie\u00dft mit einer kreativen Abschlussaufgabe ab.<\/p>\n\n\n<figure class=\"wp-block-image size-medium is-style-default\"><img loading=\"lazy\" decoding=\"async\" width=\"226\" height=\"300\" src=\"https:\/\/bruecke-starnberg.de\/wp-content\/uploads\/2017\/03\/Foto-7-226x300.jpg\" alt=\"\" class=\"wp-image-231\" srcset=\"https:\/\/bruecke-starnberg.de\/wp-content\/uploads\/2017\/03\/Foto-7-226x300.jpg 226w, https:\/\/bruecke-starnberg.de\/wp-content\/uploads\/2017\/03\/Foto-7-768x1018.jpg 768w, https:\/\/bruecke-starnberg.de\/wp-content\/uploads\/2017\/03\/Foto-7-773x1024.jpg 773w\" sizes=\"auto, (max-width: 226px) 100vw, 226px\" \/><\/figure>\n\n\n","protected":false},"excerpt":{"rendered":"<p>Bei der Leseweisung handelt es sich um eine Gespr\u00e4chsweisung, der ein Jugendbuch als Grundlage dient. In einem zeitlichen Rahmen von 4 &#8211; 5 Terminen, wird zun\u00e4chst ein geeignetes Jugendbuch aus unserer \u201eLeseweisungs-Bibliothek\u201c ausgew\u00e4hlt und in den Folgeterminen besprochen. Es gibt B\u00fccher zu verschiedenen Themen, die junge Menschen ansprechen. Bei der Besch\u00e4ftigung mit dem Buch, wird &hellip; <a href=\"https:\/\/bruecke-starnberg.de\/?page_id=321\" class=\"more-link\"><span class=\"screen-reader-text\">Leseweisung<\/span> weiterlesen <span class=\"meta-nav\">&rarr;<\/span><\/a><\/p>\n","protected":false},"author":1,"featured_media":0,"parent":0,"menu_order":0,"comment_status":"closed","ping_status":"closed","template":"","meta":{"footnotes":""},"class_list":["post-321","page","type-page","status-publish","hentry"],"_links":{"self":[{"href":"https:\/\/bruecke-starnberg.de\/index.php?rest_route=\/wp\/v2\/pages\/321","targetHints":{"allow":["GET"]}}],"collection":[{"href":"https:\/\/bruecke-starnberg.de\/index.php?rest_route=\/wp\/v2\/pages"}],"about":[{"href":"https:\/\/bruecke-starnberg.de\/index.php?rest_route=\/wp\/v2\/types\/page"}],"author":[{"embeddable":true,"href":"https:\/\/bruecke-starnberg.de\/index.php?rest_route=\/wp\/v2\/users\/1"}],"replies":[{"embeddable":true,"href":"https:\/\/bruecke-starnberg.de\/index.php?rest_route=%2Fwp%2Fv2%2Fcomments&post=321"}],"version-history":[{"count":5,"href":"https:\/\/bruecke-starnberg.de\/index.php?rest_route=\/wp\/v2\/pages\/321\/revisions"}],"predecessor-version":[{"id":715,"href":"https:\/\/bruecke-starnberg.de\/index.php?rest_route=\/wp\/v2\/pages\/321\/revisions\/715"}],"wp:attachment":[{"href":"https:\/\/bruecke-starnberg.de\/index.php?rest_route=%2Fwp%2Fv2%2Fmedia&parent=321"}],"curies":[{"name":"wp","href":"https:\/\/api.w.org\/{rel}","templated":true}]}}