{"id":11,"date":"2016-12-02T14:44:28","date_gmt":"2016-12-02T14:44:28","guid":{"rendered":"http:\/\/bruecke-starnberg.de\/?page_id=11"},"modified":"2026-04-02T15:41:10","modified_gmt":"2026-04-02T13:41:10","slug":"home","status":"publish","type":"page","link":"https:\/\/bruecke-starnberg.de\/","title":{"rendered":""},"content":{"rendered":"<h2><span style=\"font-size: 18pt; color: #000080;\"><strong>Herzlich Willkommen auf unserer Website!<\/strong><\/span><\/h2>\n<p><span style=\"color: #ff0000;\">Die Br\u00fccke Starnberg hat am 07.04., 08.04. und 10.04.2026 aufgrund von Osterferien geschlossen! Am 09.04.2026 ist das B\u00fcro besetzt.<\/span><\/p>\n<p>Hier m\u00f6chten wir Ihnen die Br\u00fccke Starnberg e. V. n\u00e4her vorstellen und Sie mit unserer Arbeit und unseren Zielen vertraut machen.<\/p>\n<p>Die Br\u00fccke Starnberg besteht inzwischen seit \u00fcber 45 Jahren.<\/p>\n<p>Au\u00dferdem k\u00f6nnen Sie hier die Menschen pers\u00f6nlich kennenlernen, die den Verein tragen und hinter unserer Arbeit stehen \u2013 sowie diejenigen, die sie praktisch umsetzen.<\/p>\n<p>Unsere Jugendhilfema\u00dfnahmen haben wir immer wieder den sich ver\u00e4ndernden Bedingungen angepasst. Unser vielf\u00e4ltiges Angebot umfasst:<\/p>\n<ul>\n<li><a href=\"http:\/\/bruecke-starnberg.de\/?page_id=43\">Koordination von Arbeitsweisungen<\/a><\/li>\n<li><a href=\"https:\/\/bruecke-starnberg.de\/?page_id=45\">Betreuungsweisungen &#8211; Intensivp\u00e4dagogische Einzelma\u00dfnahme<\/a><\/li>\n<li><a href=\"https:\/\/bruecke-starnberg.de\/?page_id=321\">Leseweisungen<\/a><\/li>\n<li><a href=\"http:\/\/bruecke-starnberg.de\/?page_id=51\">Naturschutzprojekte (begleitete Arbeitsweisungen)<\/a><\/li>\n<li><a href=\"http:\/\/bruecke-starnberg.de\/?page_id=49\">Psycho-Soziale Gespr\u00e4che<\/a><\/li>\n<li><a href=\"https:\/\/bruecke-starnberg.de\/?page_id=567\">Segelprojekt<\/a><\/li>\n<li><a href=\"https:\/\/bruecke-starnberg.de\/?page_id=573\">Soziales Kompetenztraining<\/a><\/li>\n<li><a href=\"http:\/\/bruecke-starnberg.de\/?page_id=49\">Suchtberatung<\/a><\/li>\n<li><a href=\"http:\/\/bruecke-starnberg.de\/?page_id=47\">T\u00e4ter-Opfer-Ausgleich<\/a><\/li>\n<li><a href=\"http:\/\/bruecke-starnberg.de\/?page_id=53\">Update-Projekt bei Schulvers\u00e4umnissen<\/a><\/li>\n<\/ul>\n<p>Im Jugendstrafrecht werden bei der Ahndung einer Straftat immer auch die pers\u00f6nlichen Umst\u00e4nde des Betreffenden ber\u00fccksichtigt. Die angeordnete Weisung soll also vorrangig dazu dienen, den Jugendlichen in seiner Entwicklung zu unterst\u00fctzen, auch, damit weitere Straftaten vermieden werden.<\/p>\n<p>Nicht selten ist wiederholte oder massive Straff\u00e4lligkeit von jungen Menschen ein Ausdruck nicht gelungener sozialer Integration. Im Rahmen unserer sozialp\u00e4dagogischen Arbeit geben wir den Jugendlichen den Raum, den sie brauchen, um sich kritisch mit sich selbst auseinanderzusetzen und ein Problembewusstsein f\u00fcr ihre Lebenssituation zu entwickeln. Das Erarbeiten von Perspektiven und Zielen verhindert h\u00e4ufig ein Abgleiten in delinquente Verhaltensmuster. Nicht das Ma\u00df der Strafe bringt Jugendliche dazu, keine Straftat mehr zu begehen, sondern Ma\u00dfnahmen, die Jugendliche zur Unrechtseinsicht bewegen, soziale Kompetenzen st\u00e4rken, die Empathief\u00e4higkeit f\u00f6rdern und Entwicklungschancen verbessern.<\/p>\n<p>Daher sehen wir es als unsere Aufgabe, die Jugendlichen mit geeigneten Angeboten dabei zu unterst\u00fctzen, schwierige Lebenslagen zu meistern und ihren Platz in der Gesellschaft zu finden.<\/p>\n","protected":false},"excerpt":{"rendered":"<p>Herzlich Willkommen auf unserer Website! Die Br\u00fccke Starnberg hat am 07.04., 08.04. und 10.04.2026 aufgrund von Osterferien geschlossen! Am 09.04.2026 ist das B\u00fcro besetzt. Hier m\u00f6chten wir Ihnen die Br\u00fccke Starnberg e. V. n\u00e4her vorstellen und Sie mit unserer Arbeit und unseren Zielen vertraut machen. Die Br\u00fccke Starnberg besteht inzwischen seit \u00fcber 45 Jahren. Au\u00dferdem &hellip; <a href=\"https:\/\/bruecke-starnberg.de\/\" class=\"more-link\"><span class=\"screen-reader-text\"><\/span> weiterlesen <span class=\"meta-nav\">&rarr;<\/span><\/a><\/p>\n","protected":false},"author":1,"featured_media":0,"parent":0,"menu_order":0,"comment_status":"closed","ping_status":"closed","template":"","meta":{"footnotes":""},"class_list":["post-11","page","type-page","status-publish","hentry"],"_links":{"self":[{"href":"https:\/\/bruecke-starnberg.de\/index.php?rest_route=\/wp\/v2\/pages\/11","targetHints":{"allow":["GET"]}}],"collection":[{"href":"https:\/\/bruecke-starnberg.de\/index.php?rest_route=\/wp\/v2\/pages"}],"about":[{"href":"https:\/\/bruecke-starnberg.de\/index.php?rest_route=\/wp\/v2\/types\/page"}],"author":[{"embeddable":true,"href":"https:\/\/bruecke-starnberg.de\/index.php?rest_route=\/wp\/v2\/users\/1"}],"replies":[{"embeddable":true,"href":"https:\/\/bruecke-starnberg.de\/index.php?rest_route=%2Fwp%2Fv2%2Fcomments&post=11"}],"version-history":[{"count":56,"href":"https:\/\/bruecke-starnberg.de\/index.php?rest_route=\/wp\/v2\/pages\/11\/revisions"}],"predecessor-version":[{"id":888,"href":"https:\/\/bruecke-starnberg.de\/index.php?rest_route=\/wp\/v2\/pages\/11\/revisions\/888"}],"wp:attachment":[{"href":"https:\/\/bruecke-starnberg.de\/index.php?rest_route=%2Fwp%2Fv2%2Fmedia&parent=11"}],"curies":[{"name":"wp","href":"https:\/\/api.w.org\/{rel}","templated":true}]}}